{"id":10949,"date":"2015-06-02T11:20:39","date_gmt":"2015-06-02T11:20:39","guid":{"rendered":"http:\/\/www.museojudiobejar.com\/en\/patronato\/"},"modified":"2023-10-26T23:06:35","modified_gmt":"2023-10-26T21:06:35","slug":"trust","status":"publish","type":"page","link":"https:\/\/www.museojudiobejar.com\/en\/trust\/","title":{"rendered":"The Museum Board"},"content":{"rendered":"<p>The Museum is managed by a Board following David Melul wishes. The Board\u2019s honorary President is one of Mr. Melul\u2019s sons: Mario Melul.<\/p>\n<p>The current president of the Board is the Mayor of Bejar, Luis Francisco Mart\u00edn.<\/p>\n<p>The other members are Antonio Avil\u00e9s Amat, retired professor and Director of the Museum; Ignacio Coll Tellechea, journalist, is the Board\u2019s Secretary. Ra\u00fal Hern\u00e1ndez Hern\u00e1ndez, archaelologist, as Treasurer. The Museum\u2019s Vice-secretary is Alejandro Reveriego, director of Bejar&#8217;s Graduate School of Engineering, and is Vice-treasurer is Mr. Ricardo Mu\u00f1oz Solla, Professor of Hebrew and Aramaic Studies also at the University of Salamanca.<\/p>\n<p>Also members of the Board are: Jos\u00e9 Luis Rodr\u00edguez Ant\u00fanez, architect; Mar\u00eda Fuencisla Garc\u00eda Casar, professor of Hebrew and Aramaic Studies at the University of Salamanca; and \u00d3scar Rivadeneyra Prieto, professor of fine art.<\/p>\n<p>Former members of the Board include Jacobo Israel Garz\u00f3n, Jacques Laredo, C\u00e1ndido Mat\u00edas Vicente, Francisco Mart\u00edn Labajos, Josefina Garz\u00f3n Paniagua and Carlos Carrete Parrondo.<\/p>\n","protected":false},"excerpt":{"rendered":"<p>The Museum is managed by a Board following David Melul wishes. The Board\u2019s honorary President is one of Mr. Melul\u2019s sons: Mario Melul. The current president of the Board is the Mayor of Bejar, Luis Francisco Mart\u00edn. The other members are Antonio Avil\u00e9s Amat, retired professor and Director of the Museum; Ignacio Coll Tellechea, journalist,<\/p>\n","protected":false},"author":1,"featured_media":0,"parent":0,"menu_order":0,"comment_status":"open","ping_status":"closed","template":"","meta":{"footnotes":""},"class_list":["post-10949","page","type-page","status-publish","hentry"],"_links":{"self":[{"href":"https:\/\/www.museojudiobejar.com\/en\/wp-json\/wp\/v2\/pages\/10949","targetHints":{"allow":["GET"]}}],"collection":[{"href":"https:\/\/www.museojudiobejar.com\/en\/wp-json\/wp\/v2\/pages"}],"about":[{"href":"https:\/\/www.museojudiobejar.com\/en\/wp-json\/wp\/v2\/types\/page"}],"author":[{"embeddable":true,"href":"https:\/\/www.museojudiobejar.com\/en\/wp-json\/wp\/v2\/users\/1"}],"replies":[{"embeddable":true,"href":"https:\/\/www.museojudiobejar.com\/en\/wp-json\/wp\/v2\/comments?post=10949"}],"version-history":[{"count":7,"href":"https:\/\/www.museojudiobejar.com\/en\/wp-json\/wp\/v2\/pages\/10949\/revisions"}],"predecessor-version":[{"id":13462,"href":"https:\/\/www.museojudiobejar.com\/en\/wp-json\/wp\/v2\/pages\/10949\/revisions\/13462"}],"wp:attachment":[{"href":"https:\/\/www.museojudiobejar.com\/en\/wp-json\/wp\/v2\/media?parent=10949"}],"curies":[{"name":"wp","href":"https:\/\/api.w.org\/{rel}","templated":true}]}}